{"id":665,"date":"2019-02-10T13:54:57","date_gmt":"2019-02-10T12:54:57","guid":{"rendered":"http:\/\/landmetzgerei-mesquida.de\/page\/?page_id=665"},"modified":"2019-04-21T18:26:37","modified_gmt":"2019-04-21T16:26:37","slug":"bewertungen","status":"publish","type":"page","link":"https:\/\/landmetzgerei-mesquida.de\/page\/bewertungen\/","title":{"rendered":"Bewertungen"},"content":{"rendered":"<p>[et_pb_section bb_built=&#8221;1&#8243;][et_pb_row][et_pb_column type=&#8221;2_3&#8243;][et_pb_code admin_label=&#8221;Bewertungen Gesamt&#8221; _builder_version=&#8221;3.19.13&#8243;]<div class=\"glsr glsr-divi\" id=\"glsr_2b870960\" data-from=\"shortcode\" data-shortcode=\"site_reviews_summary\" data-assigned_terms=\"25\"><div class=\"glsr-summary-wrap\">\n    <div class=\"glsr-summary\">\n        <div class=\"glsr-summary-rating\"><span class=\"glsr-tag-value\">5,0<\/span><\/div>\n        <div class=\"glsr-summary-stars\"><div class=\"glsr-star-rating glsr-stars\" role=\"img\" aria-label=\"Rated 5 out of 5 stars based on 45 ratings\" data-rating=\"5\" data-reviews=\"45\"><span class=\"glsr-star glsr-star-full\" aria-hidden=\"true\"><\/span><span class=\"glsr-star glsr-star-full\" aria-hidden=\"true\"><\/span><span class=\"glsr-star glsr-star-full\" aria-hidden=\"true\"><\/span><span class=\"glsr-star glsr-star-full\" aria-hidden=\"true\"><\/span><span class=\"glsr-star glsr-star-full\" aria-hidden=\"true\"><\/span><\/div><\/div>\n        <div class=\"glsr-summary-text\"><span class=\"glsr-tag-value\">5,0 von 5 Sternen -- (Gesamt von 45 Bewertungen)<\/span><\/div>\n        <div class=\"glsr-summary-percentages\"><div class=\"glsr-bar\" data-level=\"5\"><span class=\"glsr-bar-label\">Perfekt<\/span><span class=\"glsr-bar-background\"><span class=\"glsr-bar-background-percent\" style=\"width:100%\"><\/span><\/span><span class=\"glsr-bar-percent\">100%<\/span><\/div><div class=\"glsr-bar\" data-level=\"4\"><span class=\"glsr-bar-label\">Sehr Gut<\/span><span class=\"glsr-bar-background\"><span class=\"glsr-bar-background-percent\" style=\"width:0%\"><\/span><\/span><span class=\"glsr-bar-percent\">0%<\/span><\/div><div class=\"glsr-bar\" data-level=\"3\"><span class=\"glsr-bar-label\">Gut<\/span><span class=\"glsr-bar-background\"><span class=\"glsr-bar-background-percent\" style=\"width:0%\"><\/span><\/span><span class=\"glsr-bar-percent\">0%<\/span><\/div><div class=\"glsr-bar\" data-level=\"2\"><span class=\"glsr-bar-label\">geht so<\/span><span class=\"glsr-bar-background\"><span class=\"glsr-bar-background-percent\" style=\"width:0%\"><\/span><\/span><span class=\"glsr-bar-percent\">0%<\/span><\/div><div class=\"glsr-bar\" data-level=\"1\"><span class=\"glsr-bar-label\">Schlecht<\/span><span class=\"glsr-bar-background\"><span class=\"glsr-bar-background-percent\" style=\"width:0%\"><\/span><\/span><span class=\"glsr-bar-percent\">0%<\/span><\/div><\/div>\n    <\/div>\n<\/div><\/div>[\/et_pb_code][et_pb_button admin_label=&#8221;Bewertung Schreiben&#8221; _builder_version=&#8221;3.19.13&#8243; button_text=&#8221;Bewertung Schreiben&#8221; button_url=&#8221;https:\/\/landmetzgerei-mesquida.de\/page\/bewertungsformular\/&#8221; \/][et_pb_divider _builder_version=&#8221;3.19.13&#8243; color=&#8221;#1c1c1c&#8221; \/][et_pb_text _builder_version=&#8221;3.19.13&#8243;]<\/p>\n<h2>Das sagen unsere Kunden&#8230;<\/h2>\n<p>[\/et_pb_text][et_pb_code _builder_version=&#8221;3.21.1&#8243; z_index_tablet=&#8221;500&#8243;]<div class=\"glsr glsr-divi\" id=\"jrywtzfi\" data-from=\"shortcode\" data-shortcode=\"site_reviews\" data-assigned_terms=\"25\" data-hide=\"avatar,response\" data-pagination=\"ajax\"><div class=\"glsr-reviews-wrap\">\n    <div class=\"glsr-reviews\">\n        <div class=\"glsr-review\" data-type=\"local\" id=\"review-1961\" data-assigned='{\"assigned_terms\":[25]}'>\n    <div class=\"glsr-review-title\"><h4 class=\"glsr-tag-value\">Filet<\/h4><\/div>\n    <div class=\"glsr-review-rating\"><div class=\"glsr-star-rating glsr-stars\" role=\"img\" aria-label=\"Rated 5 out of 5 stars\" data-rating=\"5\" data-reviews=\"0\"><span class=\"glsr-star glsr-star-full\" aria-hidden=\"true\"><\/span><span class=\"glsr-star glsr-star-full\" aria-hidden=\"true\"><\/span><span class=\"glsr-star glsr-star-full\" aria-hidden=\"true\"><\/span><span class=\"glsr-star glsr-star-full\" aria-hidden=\"true\"><\/span><span class=\"glsr-star glsr-star-full\" aria-hidden=\"true\"><\/span><\/div><\/div> <div class=\"glsr-review-date\"><span class=\"glsr-tag-value\">2. Januar 2026<\/span><\/div>\n    \n    <div class=\"glsr-review-content\"><div class=\"glsr-tag-value\" data-expanded=\"false\"><p>Mega Fleisch. Sehr gut. Immer wieder<\/p><\/div><\/div>\n     <div class=\"glsr-review-author\"><span class=\"glsr-tag-value\">Axel<\/span><\/div> \n    \n<\/div>\n<div class=\"glsr-review\" data-type=\"local\" id=\"review-1938\" data-assigned='{\"assigned_terms\":[25]}'>\n    <div class=\"glsr-review-title\"><h4 class=\"glsr-tag-value\">Absolut perfekt<\/h4><\/div>\n    <div class=\"glsr-review-rating\"><div class=\"glsr-star-rating glsr-stars\" role=\"img\" aria-label=\"Rated 5 out of 5 stars\" data-rating=\"5\" data-reviews=\"0\"><span class=\"glsr-star glsr-star-full\" aria-hidden=\"true\"><\/span><span class=\"glsr-star glsr-star-full\" aria-hidden=\"true\"><\/span><span class=\"glsr-star glsr-star-full\" aria-hidden=\"true\"><\/span><span class=\"glsr-star glsr-star-full\" aria-hidden=\"true\"><\/span><span class=\"glsr-star glsr-star-full\" aria-hidden=\"true\"><\/span><\/div><\/div> <div class=\"glsr-review-date\"><span class=\"glsr-tag-value\">2. Dezember 2025<\/span><\/div>\n    \n    <div class=\"glsr-review-content\"><div class=\"glsr-tag-value\" data-expanded=\"false\"><p>Anita und Harri sind einfach spitze! Wir bestellen auch gerne mal Dinge, die nicht jeden Tag in der Fleischtheke liegen. Kein Problem! Die bekommen das hin! Nichts gegen Chorizo, sobrasada und Co.! Aber wenn man l\u00e4ngere Zeit hier verbringt, ist man gl\u00fccklich mal wieder Dinge aus der Kindheit genie\u00dfen zu k\u00f6nnen.<\/p>\n<p class=\"glsr-hidden-text\" data-show-less=\"Weniger anzeigen\" data-show-more=\"Mehr anzeigen\" data-trigger=\"expand\">Und wenn ich die f<span class=\"glsr-hidden\">rische Bratwurst von Harri auf den Grill werfe stehen die Nachbarn Schlange (vor allem die spanischen Nachbarn)!!! Von`nem Mettbr\u00f6tchen fang\u2019 ich jetzt gar nicht an\u2026 Macht bitte weiter so! Wir sind dankbar, dass es Euch gibt !<\/span><\/p><\/div><\/div>\n     <div class=\"glsr-review-author\"><span class=\"glsr-tag-value\">Britta<\/span><\/div> \n    \n<\/div>\n<div class=\"glsr-review\" data-type=\"local\" id=\"review-1917\" data-assigned='{\"assigned_terms\":[25]}'>\n    <div class=\"glsr-review-title\"><h4 class=\"glsr-tag-value\">Sehr gute Wurst und alles lecker<\/h4><\/div>\n    <div class=\"glsr-review-rating\"><div class=\"glsr-star-rating glsr-stars\" role=\"img\" aria-label=\"Rated 5 out of 5 stars\" data-rating=\"5\" data-reviews=\"0\"><span class=\"glsr-star glsr-star-full\" aria-hidden=\"true\"><\/span><span class=\"glsr-star glsr-star-full\" aria-hidden=\"true\"><\/span><span class=\"glsr-star glsr-star-full\" aria-hidden=\"true\"><\/span><span class=\"glsr-star glsr-star-full\" aria-hidden=\"true\"><\/span><span class=\"glsr-star glsr-star-full\" aria-hidden=\"true\"><\/span><\/div><\/div> <div class=\"glsr-review-date\"><span class=\"glsr-tag-value\">21. November 2025<\/span><\/div>\n    \n    <div class=\"glsr-review-content\"><div class=\"glsr-tag-value\" data-expanded=\"false\"><p>Bin immer zufrieden. Alles prima<\/p><\/div><\/div>\n     <div class=\"glsr-review-author\"><span class=\"glsr-tag-value\">Achim aus Santa Ponsa<\/span><\/div> \n    \n<\/div>\n<div class=\"glsr-review\" data-type=\"local\" id=\"review-1878\" data-assigned='{\"assigned_terms\":[25]}'>\n    <div class=\"glsr-review-title\"><h4 class=\"glsr-tag-value\">Bestes Grillfleisch auf der Insel<\/h4><\/div>\n    <div class=\"glsr-review-rating\"><div class=\"glsr-star-rating glsr-stars\" role=\"img\" aria-label=\"Rated 5 out of 5 stars\" data-rating=\"5\" data-reviews=\"0\"><span class=\"glsr-star glsr-star-full\" aria-hidden=\"true\"><\/span><span class=\"glsr-star glsr-star-full\" aria-hidden=\"true\"><\/span><span class=\"glsr-star glsr-star-full\" aria-hidden=\"true\"><\/span><span class=\"glsr-star glsr-star-full\" aria-hidden=\"true\"><\/span><span class=\"glsr-star glsr-star-full\" aria-hidden=\"true\"><\/span><\/div><\/div> <div class=\"glsr-review-date\"><span class=\"glsr-tag-value\">1. September 2025<\/span><\/div>\n    \n    <div class=\"glsr-review-content\"><div class=\"glsr-tag-value\" data-expanded=\"false\"><p class=\"glsr-hidden-text\" data-show-less=\"Weniger anzeigen\" data-show-more=\"Mehr anzeigen\" data-trigger=\"expand\">Wir haben es wieder getan. Vor zwei Jahren das erste Mal Grillfleisch f\u00fcr den Finca Urlaub bestellt. Es war fantastisch. Dieses Jahr wieder Finca Urlaub und selbstverst\u00e4ndlich wieder Fleisch f\u00fcr fast 14 Tage bestellt. Und wir m\u00fcssen sagen das es ein Gaumenschmaus ist. Egal ob H\u00e4hnchen, Schwein oder Rind, alles eine fantastische Qualit\u00e4t. Danke daf\u00fcr<span class=\"glsr-hidden\">.<\/span><\/p><\/div><\/div>\n     <div class=\"glsr-review-author\"><span class=\"glsr-tag-value\">Tanja Marcus \ufe0f<\/span><\/div> \n    \n<\/div>\n<div class=\"glsr-review\" data-type=\"local\" id=\"review-1843\" data-assigned='{\"assigned_terms\":[25]}'>\n    <div class=\"glsr-review-title\"><h4 class=\"glsr-tag-value\">Super Grillfleisch<\/h4><\/div>\n    <div class=\"glsr-review-rating\"><div class=\"glsr-star-rating glsr-stars\" role=\"img\" aria-label=\"Rated 5 out of 5 stars\" data-rating=\"5\" data-reviews=\"0\"><span class=\"glsr-star glsr-star-full\" aria-hidden=\"true\"><\/span><span class=\"glsr-star glsr-star-full\" aria-hidden=\"true\"><\/span><span class=\"glsr-star glsr-star-full\" aria-hidden=\"true\"><\/span><span class=\"glsr-star glsr-star-full\" aria-hidden=\"true\"><\/span><span class=\"glsr-star glsr-star-full\" aria-hidden=\"true\"><\/span><\/div><\/div> <div class=\"glsr-review-date\"><span class=\"glsr-tag-value\">30. August 2025<\/span><\/div>\n    \n    <div class=\"glsr-review-content\"><div class=\"glsr-tag-value\" data-expanded=\"false\"><p>Erstklassige Fleisch und Wurstwaren. Sehr gute Beratung. Kann ich nur weiterempfehlen.<\/p><\/div><\/div>\n     <div class=\"glsr-review-author\"><span class=\"glsr-tag-value\">Helmut Blumr\u00f6der<\/span><\/div> \n    \n<\/div>\n    <\/div>\n    <div class=\"glsr-pagination glsr-ajax-pagination\" data-assigned_terms=\"25\" data-hide=\"avatar,response\" data-id=\"jrywtzfi\" data-pagination=\"ajax\"><div class=\"et_pb_gallery pagination\">\n    <div class=\"et_pb_gallery_pagination\" role=\"navigation\">\n        <h2 class=\"screen-reader-text\">Navigation f\u00fcr Site Reviews<\/h2>\n        <ul>\n            <li class=\"page\"><a class=\"active\" aria-current=\"page\" data-page=\"1\" href=\"https:\/\/landmetzgerei-mesquida.de\/page\/bewertungen\/?reviews-page=1\"><span class=\"meta-nav screen-reader-text\">Seite <\/span>1<\/a><\/li>\n<li class=\"page\"><a class=\"page-numbers\" data-page=\"2\" href=\"https:\/\/landmetzgerei-mesquida.de\/page\/bewertungen\/?reviews-page=2\"><span class=\"meta-nav screen-reader-text\">Seite <\/span>2<\/a><\/li>\n<li class=\"page\"><a class=\"page-numbers\" data-page=\"3\" href=\"https:\/\/landmetzgerei-mesquida.de\/page\/bewertungen\/?reviews-page=3\"><span class=\"meta-nav screen-reader-text\">Seite <\/span>3<\/a><\/li>\n<li class=\"page\"><a class=\"page-numbers\" data-page=\"4\" href=\"https:\/\/landmetzgerei-mesquida.de\/page\/bewertungen\/?reviews-page=4\"><span class=\"meta-nav screen-reader-text\">Seite <\/span>4<\/a><\/li>\n<li class=\"page\"><a class=\"page-numbers\" data-page=\"5\" href=\"https:\/\/landmetzgerei-mesquida.de\/page\/bewertungen\/?reviews-page=5\"><span class=\"meta-nav screen-reader-text\">Seite <\/span>5<\/a><\/li>\n<li class=\"page\"><a class=\"page-numbers dots\">&hellip;<\/a><\/li>\n<li class=\"page\"><a class=\"page-numbers\" data-page=\"9\" href=\"https:\/\/landmetzgerei-mesquida.de\/page\/bewertungen\/?reviews-page=9\"><span class=\"meta-nav screen-reader-text\">Seite <\/span>9<\/a><\/li>\n<li class=\"next\"><a class=\"page-next\" data-page=\"2\" href=\"https:\/\/landmetzgerei-mesquida.de\/page\/bewertungen\/?reviews-page=2\">Next<\/a><\/li>\n        <\/ul>\n    <\/div>\n<\/div><\/div>\n<\/div><\/div>[\/et_pb_code][\/et_pb_column][et_pb_column type=&#8221;1_3&#8243;][et_pb_sidebar _builder_version=&#8221;3.19.13&#8243; area=&#8221;sidebar-1&#8243; \/][\/et_pb_column][\/et_pb_row][\/et_pb_section]<\/p>\n","protected":false},"excerpt":{"rendered":"<p><div class=\"et_pb_row et_pb_row_0 et_pb_row_empty\">\n\t\t\t\t\n\t\t\t\t\n\t\t\t\t\n\t\t\t\t\n\t\t\t\t\n\t\t\t<\/div><div class=\"glsr glsr-divi\" id=\"glsr_2b870960\" data-from=\"shortcode\" data-shortcode=\"site_reviews_summary\" data-assigned_terms=\"25\"><div class=\"glsr-summary-wrap\">\n    <div class=\"glsr-summary\">\n        <div class=\"glsr-summary-rating\"><span class=\"glsr-tag-value\">5,0<\/span><\/div>\n        <div class=\"glsr-summary-stars\"><div class=\"glsr-star-rating glsr-stars\" role=\"img\" aria-label=\"Rated 5 out of 5 stars based on 45 ratings\" data-rating=\"5\" data-reviews=\"45\"><span class=\"glsr-star glsr-star-full\" aria-hidden=\"true\"><\/span><span class=\"glsr-star glsr-star-full\" aria-hidden=\"true\"><\/span><span class=\"glsr-star glsr-star-full\" aria-hidden=\"true\"><\/span><span class=\"glsr-star glsr-star-full\" aria-hidden=\"true\"><\/span><span class=\"glsr-star glsr-star-full\" aria-hidden=\"true\"><\/span><\/div><\/div>\n        <div class=\"glsr-summary-text\"><span class=\"glsr-tag-value\">5,0 von 5 Sternen -- (Gesamt von 45 Bewertungen)<\/span><\/div>\n        <div class=\"glsr-summary-percentages\"><div class=\"glsr-bar\" data-level=\"5\"><span class=\"glsr-bar-label\">Perfekt<\/span><span class=\"glsr-bar-background\"><span class=\"glsr-bar-background-percent\" style=\"width:100%\"><\/span><\/span><span class=\"glsr-bar-percent\">100%<\/span><\/div><div class=\"glsr-bar\" data-level=\"4\"><span class=\"glsr-bar-label\">Sehr Gut<\/span><span class=\"glsr-bar-background\"><span class=\"glsr-bar-background-percent\" style=\"width:0%\"><\/span><\/span><span class=\"glsr-bar-percent\">0%<\/span><\/div><div class=\"glsr-bar\" data-level=\"3\"><span class=\"glsr-bar-label\">Gut<\/span><span class=\"glsr-bar-background\"><span class=\"glsr-bar-background-percent\" style=\"width:0%\"><\/span><\/span><span class=\"glsr-bar-percent\">0%<\/span><\/div><div class=\"glsr-bar\" data-level=\"2\"><span class=\"glsr-bar-label\">geht so<\/span><span class=\"glsr-bar-background\"><span class=\"glsr-bar-background-percent\" style=\"width:0%\"><\/span><\/span><span class=\"glsr-bar-percent\">0%<\/span><\/div><div class=\"glsr-bar\" data-level=\"1\"><span class=\"glsr-bar-label\">Schlecht<\/span><span class=\"glsr-bar-background\"><span class=\"glsr-bar-background-percent\" style=\"width:0%\"><\/span><\/span><span class=\"glsr-bar-percent\">0%<\/span><\/div><\/div>\n    <\/div>\n<\/div><\/div> Das sagen unsere Kunden&#8230; <div class=\"glsr glsr-divi\" id=\"jrywtzfi\" data-from=\"shortcode\" data-shortcode=\"site_reviews\" data-assigned_terms=\"25\" data-hide=\"avatar,response\" data-pagination=\"ajax\"><div class=\"glsr-reviews-wrap\">\n    <div class=\"glsr-reviews\">\n        <div class=\"glsr-review\" data-type=\"local\" id=\"review-1961\" data-assigned='{\"assigned_terms\":[25]}'>\n    <div class=\"glsr-review-title\"><h4 class=\"glsr-tag-value\">Filet<\/h4><\/div>\n    <div class=\"glsr-review-rating\"><div class=\"glsr-star-rating glsr-stars\" role=\"img\" aria-label=\"Rated 5 out of 5 stars\" data-rating=\"5\" data-reviews=\"0\"><span class=\"glsr-star glsr-star-full\" aria-hidden=\"true\"><\/span><span class=\"glsr-star glsr-star-full\" aria-hidden=\"true\"><\/span><span class=\"glsr-star glsr-star-full\" aria-hidden=\"true\"><\/span><span class=\"glsr-star glsr-star-full\" aria-hidden=\"true\"><\/span><span class=\"glsr-star glsr-star-full\" aria-hidden=\"true\"><\/span><\/div><\/div> <div class=\"glsr-review-date\"><span class=\"glsr-tag-value\">2. Januar 2026<\/span><\/div>\n    \n    <div class=\"glsr-review-content\"><div class=\"glsr-tag-value\" data-expanded=\"false\"><p>Mega Fleisch. Sehr gut. Immer wieder<\/p><\/div><\/div>\n     <div class=\"glsr-review-author\"><span class=\"glsr-tag-value\">Axel<\/span><\/div> \n    \n<\/div>\n<div class=\"glsr-review\" data-type=\"local\" id=\"review-1938\" data-assigned='{\"assigned_terms\":[25]}'>\n    <div class=\"glsr-review-title\"><h4 class=\"glsr-tag-value\">Absolut perfekt<\/h4><\/div>\n    <div class=\"glsr-review-rating\"><div class=\"glsr-star-rating glsr-stars\" role=\"img\" aria-label=\"Rated 5 out of 5 stars\" data-rating=\"5\" data-reviews=\"0\"><span class=\"glsr-star glsr-star-full\" aria-hidden=\"true\"><\/span><span class=\"glsr-star glsr-star-full\" aria-hidden=\"true\"><\/span><span class=\"glsr-star glsr-star-full\" aria-hidden=\"true\"><\/span><span class=\"glsr-star glsr-star-full\" aria-hidden=\"true\"><\/span><span class=\"glsr-star glsr-star-full\" aria-hidden=\"true\"><\/span><\/div><\/div> <div class=\"glsr-review-date\"><span class=\"glsr-tag-value\">2. Dezember 2025<\/span><\/div>\n    \n    <div class=\"glsr-review-content\"><div class=\"glsr-tag-value\" data-expanded=\"false\"><p>Anita und Harri sind einfach spitze! Wir bestellen auch gerne mal Dinge, die nicht jeden Tag in der Fleischtheke liegen. Kein Problem! Die bekommen das hin! Nichts gegen Chorizo, sobrasada und Co.! Aber wenn man l\u00e4ngere Zeit hier verbringt, ist man gl\u00fccklich mal wieder Dinge aus der Kindheit genie\u00dfen zu k\u00f6nnen.<\/p>\n<p class=\"glsr-hidden-text\" data-show-less=\"Weniger anzeigen\" data-show-more=\"Mehr anzeigen\" data-trigger=\"expand\">Und wenn ich die f<span class=\"glsr-hidden\">rische Bratwurst von Harri auf den Grill werfe stehen die Nachbarn Schlange (vor allem die spanischen Nachbarn)!!! Von`nem Mettbr\u00f6tchen fang\u2019 ich jetzt gar nicht an\u2026 Macht bitte weiter so! Wir sind dankbar, dass es Euch gibt !<\/span><\/p><\/div><\/div>\n     <div class=\"glsr-review-author\"><span class=\"glsr-tag-value\">Britta<\/span><\/div> \n    \n<\/div>\n<div class=\"glsr-review\" data-type=\"local\" id=\"review-1917\" data-assigned='{\"assigned_terms\":[25]}'>\n    <div class=\"glsr-review-title\"><h4 class=\"glsr-tag-value\">Sehr gute Wurst und alles lecker<\/h4><\/div>\n    <div class=\"glsr-review-rating\"><div class=\"glsr-star-rating glsr-stars\" role=\"img\" aria-label=\"Rated 5 out of 5 stars\" data-rating=\"5\" data-reviews=\"0\"><span class=\"glsr-star glsr-star-full\" aria-hidden=\"true\"><\/span><span class=\"glsr-star glsr-star-full\" aria-hidden=\"true\"><\/span><span class=\"glsr-star glsr-star-full\" aria-hidden=\"true\"><\/span><span class=\"glsr-star glsr-star-full\" aria-hidden=\"true\"><\/span><span class=\"glsr-star glsr-star-full\" aria-hidden=\"true\"><\/span><\/div><\/div> <div class=\"glsr-review-date\"><span class=\"glsr-tag-value\">21. November 2025<\/span><\/div>\n    \n    <div class=\"glsr-review-content\"><div class=\"glsr-tag-value\" data-expanded=\"false\"><p>Bin immer zufrieden. Alles prima<\/p><\/div><\/div>\n     <div class=\"glsr-review-author\"><span class=\"glsr-tag-value\">Achim aus Santa Ponsa<\/span><\/div> \n    \n<\/div>\n<div class=\"glsr-review\" data-type=\"local\" id=\"review-1878\" data-assigned='{\"assigned_terms\":[25]}'>\n    <div class=\"glsr-review-title\"><h4 class=\"glsr-tag-value\">Bestes Grillfleisch auf der Insel<\/h4><\/div>\n    <div class=\"glsr-review-rating\"><div class=\"glsr-star-rating glsr-stars\" role=\"img\" aria-label=\"Rated 5 out of 5 stars\" data-rating=\"5\" data-reviews=\"0\"><span class=\"glsr-star glsr-star-full\" aria-hidden=\"true\"><\/span><span class=\"glsr-star glsr-star-full\" aria-hidden=\"true\"><\/span><span class=\"glsr-star glsr-star-full\" aria-hidden=\"true\"><\/span><span class=\"glsr-star glsr-star-full\" aria-hidden=\"true\"><\/span><span class=\"glsr-star glsr-star-full\" aria-hidden=\"true\"><\/span><\/div><\/div> <div class=\"glsr-review-date\"><span class=\"glsr-tag-value\">1. September 2025<\/span><\/div>\n    \n    <div class=\"glsr-review-content\"><div class=\"glsr-tag-value\" data-expanded=\"false\"><p class=\"glsr-hidden-text\" data-show-less=\"Weniger anzeigen\" data-show-more=\"Mehr anzeigen\" data-trigger=\"expand\">Wir haben es wieder getan. Vor zwei Jahren das erste Mal Grillfleisch f\u00fcr den Finca Urlaub bestellt. Es war fantastisch. Dieses Jahr wieder Finca Urlaub und selbstverst\u00e4ndlich wieder Fleisch f\u00fcr fast 14 Tage bestellt. Und wir m\u00fcssen sagen das es ein Gaumenschmaus ist. Egal ob H\u00e4hnchen, Schwein oder Rind, alles eine fantastische Qualit\u00e4t. Danke daf\u00fcr<span class=\"glsr-hidden\">.<\/span><\/p><\/div><\/div>\n     <div class=\"glsr-review-author\"><span class=\"glsr-tag-value\">Tanja Marcus \ufe0f<\/span><\/div> \n    \n<\/div>\n<div class=\"glsr-review\" data-type=\"local\" id=\"review-1843\" data-assigned='{\"assigned_terms\":[25]}'>\n    <div class=\"glsr-review-title\"><h4 class=\"glsr-tag-value\">Super Grillfleisch<\/h4><\/div>\n    <div class=\"glsr-review-rating\"><div class=\"glsr-star-rating glsr-stars\" role=\"img\" aria-label=\"Rated 5 out of 5 stars\" data-rating=\"5\" data-reviews=\"0\"><span class=\"glsr-star glsr-star-full\" aria-hidden=\"true\"><\/span><span class=\"glsr-star glsr-star-full\" aria-hidden=\"true\"><\/span><span class=\"glsr-star glsr-star-full\" aria-hidden=\"true\"><\/span><span class=\"glsr-star glsr-star-full\" aria-hidden=\"true\"><\/span><span class=\"glsr-star glsr-star-full\" aria-hidden=\"true\"><\/span><\/div><\/div> <div class=\"glsr-review-date\"><span class=\"glsr-tag-value\">30. August 2025<\/span><\/div>\n    \n    <div class=\"glsr-review-content\"><div class=\"glsr-tag-value\" data-expanded=\"false\"><p>Erstklassige Fleisch und Wurstwaren. Sehr gute Beratung. Kann ich nur weiterempfehlen.<\/p><\/div><\/div>\n     <div class=\"glsr-review-author\"><span class=\"glsr-tag-value\">Helmut Blumr\u00f6der<\/span><\/div> \n    \n<\/div>\n    <\/div>\n    <div class=\"glsr-pagination glsr-ajax-pagination\" data-assigned_terms=\"25\" data-hide=\"avatar,response\" data-id=\"jrywtzfi\" data-pagination=\"ajax\"><div class=\"et_pb_gallery pagination\">\n    <div class=\"et_pb_gallery_pagination\" role=\"navigation\">\n        <h2 class=\"screen-reader-text\">Navigation f\u00fcr Site Reviews<\/h2>\n        <ul>\n            <li class=\"page\"><a class=\"active\" aria-current=\"page\" data-page=\"1\" href=\"https:\/\/landmetzgerei-mesquida.de\/page\/bewertungen\/?reviews-page=1\"><span class=\"meta-nav screen-reader-text\">Seite <\/span>1<\/a><\/li>\n<li class=\"page\"><a class=\"page-numbers\" data-page=\"2\" href=\"https:\/\/landmetzgerei-mesquida.de\/page\/bewertungen\/?reviews-page=2\"><span class=\"meta-nav screen-reader-text\">Seite <\/span>2<\/a><\/li>\n<li class=\"page\"><a class=\"page-numbers\" data-page=\"3\" href=\"https:\/\/landmetzgerei-mesquida.de\/page\/bewertungen\/?reviews-page=3\"><span class=\"meta-nav screen-reader-text\">Seite <\/span>3<\/a><\/li>\n<li class=\"page\"><a class=\"page-numbers\" data-page=\"4\" href=\"https:\/\/landmetzgerei-mesquida.de\/page\/bewertungen\/?reviews-page=4\"><span class=\"meta-nav screen-reader-text\">Seite <\/span>4<\/a><\/li>\n<li class=\"page\"><a class=\"page-numbers\" data-page=\"5\" href=\"https:\/\/landmetzgerei-mesquida.de\/page\/bewertungen\/?reviews-page=5\"><span class=\"meta-nav screen-reader-text\">Seite <\/span>5<\/a><\/li>\n<li class=\"page\"><a class=\"page-numbers dots\">&hellip;<\/a><\/li>\n<li class=\"page\"><a class=\"page-numbers\" data-page=\"9\" href=\"https:\/\/landmetzgerei-mesquida.de\/page\/bewertungen\/?reviews-page=9\"><span class=\"meta-nav screen-reader-text\">Seite <\/span>9<\/a><\/li>\n<li class=\"next\"><a class=\"page-next\" data-page=\"2\" href=\"https:\/\/landmetzgerei-mesquida.de\/page\/bewertungen\/?reviews-page=2\">Next<\/a><\/li>\n        <\/ul>\n    <\/div>\n<\/div><\/div>\n<\/div><\/div><\/p>\n","protected":false},"author":1,"featured_media":0,"parent":0,"menu_order":0,"comment_status":"closed","ping_status":"closed","template":"","meta":{"_et_pb_use_builder":"on","_et_pb_old_content":"","_et_gb_content_width":"","_glsr_average":0,"_glsr_ranking":0,"_glsr_reviews":0,"footnotes":""},"class_list":["post-665","page","type-page","status-publish","hentry"],"_links":{"self":[{"href":"https:\/\/landmetzgerei-mesquida.de\/page\/wp-json\/wp\/v2\/pages\/665","targetHints":{"allow":["GET"]}}],"collection":[{"href":"https:\/\/landmetzgerei-mesquida.de\/page\/wp-json\/wp\/v2\/pages"}],"about":[{"href":"https:\/\/landmetzgerei-mesquida.de\/page\/wp-json\/wp\/v2\/types\/page"}],"author":[{"embeddable":true,"href":"https:\/\/landmetzgerei-mesquida.de\/page\/wp-json\/wp\/v2\/users\/1"}],"replies":[{"embeddable":true,"href":"https:\/\/landmetzgerei-mesquida.de\/page\/wp-json\/wp\/v2\/comments?post=665"}],"version-history":[{"count":13,"href":"https:\/\/landmetzgerei-mesquida.de\/page\/wp-json\/wp\/v2\/pages\/665\/revisions"}],"predecessor-version":[{"id":1676,"href":"https:\/\/landmetzgerei-mesquida.de\/page\/wp-json\/wp\/v2\/pages\/665\/revisions\/1676"}],"wp:attachment":[{"href":"https:\/\/landmetzgerei-mesquida.de\/page\/wp-json\/wp\/v2\/media?parent=665"}],"curies":[{"name":"wp","href":"https:\/\/api.w.org\/{rel}","templated":true}]}}